{"id":8003,"date":"2024-01-19T13:50:02","date_gmt":"2024-01-19T13:50:02","guid":{"rendered":"https:\/\/www.iparlat.com\/transparencia\/"},"modified":"2024-01-19T14:15:00","modified_gmt":"2024-01-19T14:15:00","slug":"gardentasuna","status":"publish","type":"page","link":"https:\/\/www.iparlat.com\/eu\/gardentasuna\/","title":{"rendered":"Gardentasuna"},"content":{"rendered":"\n<div style=\"height:100px\" aria-hidden=\"true\" class=\"wp-block-spacer\"><\/div>\n\n<h2 class=\"wp-block-heading\"><strong>Gardentasuna <\/strong><\/h2>\n\n<p>D. Angel Mar\u00eda Gil Castresana como representante legal de la empresa And\u00eda L\u00e1cteos de Cantabria, S.L. con NIF ESB39652441. <\/p>\n\n<p>En conformidad con lo dispuesto en el art\u00edculo 28.6 de la Ley de Cantabria 1\/2018, de 21 de marzo, de Transparencia de la Actividad P\u00fablica, en los t\u00e9rminos previstos en el art\u00edculo 39.6 de la misma ley <\/p>\n\n<h4 class=\"wp-block-heading\"><strong>COMUNICA <\/strong><\/h4>\n\n<p>Que los \u00f3rganos de administraci\u00f3n y\/o direcci\u00f3n de la empresa que represento, en su conjunto, han recibido durante el a\u00f1o 2017-2023 retribuciones anuales e indemnizaciones por un importe total de 0 euros. <\/p>\n\n<p>En Renedo de Pi\u00e9lagos, a 9 de enero 2024 <\/p>\n\n<div class=\"wp-block-group is-content-justification-right is-layout-constrained wp-container-core-group-is-layout-07b51d56 wp-block-group-is-layout-constrained\">\n<p class=\"has-text-align-right\">Angel Maria Gil Castresana <br>La Direcci\u00f3n General <\/p>\n\n\n\n<figure class=\"wp-block-image alignright size-full\"><img loading=\"lazy\" decoding=\"async\" width=\"200\" height=\"93\" src=\"https:\/\/www.iparlat.com\/wp-content\/uploads\/2022\/12\/firma-director-iparlat.jpg\" alt=\"\" class=\"wp-image-7709\"\/><\/figure>\n<\/div>\n\n<div style=\"height:100px\" aria-hidden=\"true\" class=\"wp-block-spacer\"><\/div>\n","protected":false},"excerpt":{"rendered":"<p>Gardentasuna D. Angel Mar\u00eda Gil Castresana como representante legal de la empresa And\u00eda L\u00e1cteos de Cantabria, S.L. con NIF ESB39652441. En conformidad con lo dispuesto en el art\u00edculo 28.6 de la Ley de Cantabria 1\/2018, de 21 de marzo, de Transparencia de la Actividad P\u00fablica, en los t\u00e9rminos previstos en el art\u00edculo 39.6 de la [&hellip;]<\/p>\n","protected":false},"author":1,"featured_media":0,"parent":0,"menu_order":0,"comment_status":"closed","ping_status":"closed","template":"","meta":{"_acf_changed":false,"_et_pb_use_builder":"off","_et_pb_old_content":"","_et_gb_content_width":"","footnotes":""},"class_list":["post-8003","page","type-page","status-publish","hentry"],"acf":[],"_links":{"self":[{"href":"https:\/\/www.iparlat.com\/eu\/wp-json\/wp\/v2\/pages\/8003","targetHints":{"allow":["GET"]}}],"collection":[{"href":"https:\/\/www.iparlat.com\/eu\/wp-json\/wp\/v2\/pages"}],"about":[{"href":"https:\/\/www.iparlat.com\/eu\/wp-json\/wp\/v2\/types\/page"}],"author":[{"embeddable":true,"href":"https:\/\/www.iparlat.com\/eu\/wp-json\/wp\/v2\/users\/1"}],"replies":[{"embeddable":true,"href":"https:\/\/www.iparlat.com\/eu\/wp-json\/wp\/v2\/comments?post=8003"}],"version-history":[{"count":6,"href":"https:\/\/www.iparlat.com\/eu\/wp-json\/wp\/v2\/pages\/8003\/revisions"}],"predecessor-version":[{"id":8017,"href":"https:\/\/www.iparlat.com\/eu\/wp-json\/wp\/v2\/pages\/8003\/revisions\/8017"}],"wp:attachment":[{"href":"https:\/\/www.iparlat.com\/eu\/wp-json\/wp\/v2\/media?parent=8003"}],"curies":[{"name":"wp","href":"https:\/\/api.w.org\/{rel}","templated":true}]}}