{"id":7792,"date":"2023-05-23T13:06:29","date_gmt":"2023-05-23T13:06:29","guid":{"rendered":"https:\/\/www.iparlat.com\/politica-ambiental-grupo-iparlat\/"},"modified":"2024-01-19T13:56:37","modified_gmt":"2024-01-19T13:56:37","slug":"politica-ambiental-grupo-iparlat","status":"publish","type":"page","link":"https:\/\/www.iparlat.com\/eu\/politica-ambiental-grupo-iparlat\/","title":{"rendered":"Iparlat Taldearen ingurumen-politika"},"content":{"rendered":"\n<div style=\"height:60px\" aria-hidden=\"true\" class=\"wp-block-spacer\"><\/div>\n\n<h2 class=\"wp-block-heading\">Iparlat Taldearen ingurumen-politika<\/h2>\n\n<p>La formulaci\u00f3n de los VALORES del Grupo IPARLAT recoge nuestro compromiso de respetar el medio ambiente y cumplir con las normas legales establecidas al respecto. Por tanto, en coherencia con lo proclamado en nuestros &#8220;VALORES &#8220;, y conscientes de la importancia de compatibilizar el desarrollo de nuestras actividades industriales con el respeto del Medio Ambiente, establecemos los siguientes PRINCIPIOS GENERALES DE ACTUACI\u00d3N AMBIENTAL:<\/p>\n\n<ul class=\"wp-block-list\">\n<li>Compromiso de tomar las acciones necesarias para hacer compatible el desarrollo de nuestra actividad con la protecci\u00f3n del Medio Ambiente, de forma que demos cumplimiento a las expectativas de la Sociedad y el entorno de nuestro grupo.<\/li>\n\n\n\n<li>Compromiso de cumplir con los requisitos legales y otros requisitos del Grupo IPARLAT.<\/li>\n\n\n\n<li>Comunicar esta Pol\u00edtica Ambiental a todo nuestro personal y a quien trabaje en nombre<\/li>\n\n\n\n<li>de nuestra organizaci\u00f3n, y mantenerla a disposici\u00f3n de las partes interesadas.<\/li>\n\n\n\n<li>Compromiso de mejora continua con el fin de apoyar y mejorar el desempe\u00f1o ambiental del grupo. En especial mejorando el desempe\u00f1o energ\u00e9tico apostando por el ahorro y la eficiencia energ\u00e9tica, as\u00ed como el eficiente consumo de recursos naturales.<\/li>\n\n\n\n<li>Establecer peri\u00f3dicamente objetivos y metas ambientales que permitan avanzar en el cumplimiento de esta pol\u00edtica ambiental. Estos principios quedar\u00e1n estructurados en Planes y Programas Operativos de Actuaci\u00f3n.<\/li>\n\n\n\n<li>Mantener actualizada y en un plano de liderazgo nuestro compromiso con el desarrollo sostenible del Grupo IPARLAT.<\/li>\n\n\n\n<li>El Alcance de esta Pol\u00edtica se aplica a todas las sociedades que integran el Grupo IPARLAT.<\/li>\n<\/ul>\n\n<div style=\"height:60px\" aria-hidden=\"true\" class=\"wp-block-spacer\"><\/div>\n\n<div class=\"wp-block-group is-content-justification-right is-layout-constrained wp-container-core-group-is-layout-07b51d56 wp-block-group-is-layout-constrained\">\n<p class=\"has-text-align-right\">Angel Maria Gil Castresana <br>La Direcci\u00f3n General <\/p>\n\n\n\n<figure class=\"wp-block-image alignright size-full\"><img loading=\"lazy\" decoding=\"async\" width=\"200\" height=\"93\" src=\"https:\/\/www.iparlat.com\/wp-content\/uploads\/2022\/12\/firma-director-iparlat.jpg\" alt=\"\" class=\"wp-image-7709\"\/><\/figure>\n<\/div>\n","protected":false},"excerpt":{"rendered":"<p>Iparlat Taldearen ingurumen-politika La formulaci\u00f3n de los VALORES del Grupo IPARLAT recoge nuestro compromiso de respetar el medio ambiente y cumplir con las normas legales establecidas al respecto. Por tanto, en coherencia con lo proclamado en nuestros &#8220;VALORES &#8220;, y conscientes de la importancia de compatibilizar el desarrollo de nuestras actividades industriales con el respeto [&hellip;]<\/p>\n","protected":false},"author":1,"featured_media":0,"parent":0,"menu_order":0,"comment_status":"closed","ping_status":"closed","template":"","meta":{"_acf_changed":false,"_et_pb_use_builder":"off","_et_pb_old_content":"","_et_gb_content_width":"","footnotes":""},"class_list":["post-7792","page","type-page","status-publish","hentry"],"acf":[],"_links":{"self":[{"href":"https:\/\/www.iparlat.com\/eu\/wp-json\/wp\/v2\/pages\/7792","targetHints":{"allow":["GET"]}}],"collection":[{"href":"https:\/\/www.iparlat.com\/eu\/wp-json\/wp\/v2\/pages"}],"about":[{"href":"https:\/\/www.iparlat.com\/eu\/wp-json\/wp\/v2\/types\/page"}],"author":[{"embeddable":true,"href":"https:\/\/www.iparlat.com\/eu\/wp-json\/wp\/v2\/users\/1"}],"replies":[{"embeddable":true,"href":"https:\/\/www.iparlat.com\/eu\/wp-json\/wp\/v2\/comments?post=7792"}],"version-history":[{"count":4,"href":"https:\/\/www.iparlat.com\/eu\/wp-json\/wp\/v2\/pages\/7792\/revisions"}],"predecessor-version":[{"id":8002,"href":"https:\/\/www.iparlat.com\/eu\/wp-json\/wp\/v2\/pages\/7792\/revisions\/8002"}],"wp:attachment":[{"href":"https:\/\/www.iparlat.com\/eu\/wp-json\/wp\/v2\/media?parent=7792"}],"curies":[{"name":"wp","href":"https:\/\/api.w.org\/{rel}","templated":true}]}}