{"id":5775,"date":"2022-01-22T08:27:12","date_gmt":"2022-01-22T08:27:12","guid":{"rendered":"https:\/\/www.iparlat.com\/produktuak\/kapsulak\/"},"modified":"2022-11-18T07:12:17","modified_gmt":"2022-11-18T07:12:17","slug":"kapsulak","status":"publish","type":"page","link":"https:\/\/www.iparlat.com\/eu\/produktuak\/kapsulak\/","title":{"rendered":"Kapsulak"},"content":{"rendered":"<p>[et_pb_section fb_built=&#8221;1&#8243; admin_label=&#8221;Secci\u00f3n c\u00e1psulas&#8221; _builder_version=&#8221;4.19.0&#8243; _module_preset=&#8221;default&#8221; background_image=&#8221;https:\/\/www.iparlat.com\/wp-content\/uploads\/2022\/04\/iparlat-cabecera-capsulas.jpg&#8221; positioning=&#8221;none&#8221; z_index=&#8221;0&#8243; min_height=&#8221;80vh&#8221; sticky_position=&#8221;top&#8221; sticky_offset_surrounding=&#8221;off&#8221; background_last_edited=&#8221;on|phone&#8221; background_position_phone=&#8221;bottom_center&#8221; custom_css_main_element=&#8221;display: flex;||align-items: center;||justify-content: center;&#8221; da_disable_devices=&#8221;off|off|off&#8221; locked=&#8221;off&#8221; global_colors_info=&#8221;{}&#8221; da_is_popup=&#8221;off&#8221; da_exit_intent=&#8221;off&#8221; da_has_close=&#8221;on&#8221; da_alt_close=&#8221;off&#8221; da_dark_close=&#8221;off&#8221; da_not_modal=&#8221;on&#8221; da_is_singular=&#8221;off&#8221; da_with_loader=&#8221;off&#8221; da_has_shadow=&#8221;on&#8221;][et_pb_row custom_padding_last_edited=&#8221;on|phone&#8221; admin_label=&#8221;Fila cabecera c\u00e1psulas&#8221; _builder_version=&#8221;4.19.0&#8243; _module_preset=&#8221;default&#8221; width=&#8221;90%&#8221; custom_padding_tablet=&#8221;&#8221; custom_padding_phone=&#8221;100px||||false|false&#8221; custom_css_main_element=&#8221;||&#8221; global_colors_info=&#8221;{}&#8221;][et_pb_column type=&#8221;4_4&#8243; _builder_version=&#8221;4.19.0&#8243; _module_preset=&#8221;default&#8221; global_colors_info=&#8221;{}&#8221;][et_pb_blurb title=&#8221;Kapsulak&#8221; image=&#8221;https:\/\/www.iparlat.com\/wp-content\/uploads\/2022\/03\/capsula-hover-icono.png&#8221; alt=&#8221;icono botella&#8221; image_icon_width=&#8221;75%&#8221; icon_alignment=&#8221;left&#8221; admin_label=&#8221;Intro c\u00e1psulas&#8221; module_class=&#8221;ipar-prod-intro&#8221; _builder_version=&#8221;4.19.0&#8243; _module_preset=&#8221;default&#8221; header_level=&#8221;h1&#8243; header_font=&#8221;|700|||||||&#8221; header_text_color=&#8221;#FFFFFF&#8221; header_font_size=&#8221;3vw&#8221; header_line_height=&#8221;1.1em&#8221; body_text_color=&#8221;#FFFFFF&#8221; background_color=&#8221;#C7B299&#8243; image_icon_custom_margin=&#8221;||||false|false&#8221; image_icon_custom_padding=&#8221;||||false|false&#8221; max_width=&#8221;400px&#8221; custom_padding=&#8221;24px|24px|24px|24px|true|true&#8221; header_font_size_tablet=&#8221;3vw&#8221; header_font_size_phone=&#8221;10vw&#8221; header_font_size_last_edited=&#8221;on|phone&#8221; custom_css_blurb_image=&#8221;margin-bottom: 0px;&#8221; global_colors_info=&#8221;{}&#8221;]<\/p>\n<p>Deskubritu ezazu kafe kontsumitzailea erakartzeko era berri bat gure kapsula begetalen sorta handiarekin. Zaporea eta osasuna hazten lagunduko dizun proposamen berritzaile batean batuta.<\/p>\n<p>[\/et_pb_blurb][\/et_pb_column][\/et_pb_row][\/et_pb_section][et_pb_section fb_built=&#8221;1&#8243; admin_label=&#8221;Secci\u00f3n c\u00e1psulas caf\u00e9 soja&#8221; _builder_version=&#8221;4.17.0&#8243; _module_preset=&#8221;default&#8221; background_color=&#8221;#C7B299&#8243; z_index=&#8221;999&#8243; bottom_divider_style=&#8221;waves2&#8243; bottom_divider_color=&#8221;#FFFFFF&#8221; bottom_divider_height=&#8221;35px&#8221; bottom_divider_repeat=&#8221;1x&#8221; da_disable_devices=&#8221;off|off|off&#8221; collapsed=&#8221;off&#8221; global_colors_info=&#8221;{}&#8221; da_is_popup=&#8221;off&#8221; da_exit_intent=&#8221;off&#8221; da_has_close=&#8221;on&#8221; da_alt_close=&#8221;off&#8221; da_dark_close=&#8221;off&#8221; da_not_modal=&#8221;on&#8221; da_is_singular=&#8221;off&#8221; da_with_loader=&#8221;off&#8221; da_has_shadow=&#8221;on&#8221;][et_pb_row column_structure=&#8221;1_3,1_3,1_3&#8243; _builder_version=&#8221;4.17.0&#8243; _module_preset=&#8221;default&#8221; custom_margin=&#8221;||||false|false&#8221; custom_padding=&#8221;||||false|false&#8221; global_colors_info=&#8221;{}&#8221;][et_pb_column type=&#8221;1_3&#8243; _builder_version=&#8221;4.16&#8243; _module_preset=&#8221;default&#8221; global_colors_info=&#8221;{}&#8221;][et_pb_text admin_label=&#8221;Nombre&#8221; _builder_version=&#8221;4.19.0&#8243; _module_preset=&#8221;3dd1b65a-5c97-4c22-828b-e1189f7c1dbb&#8221; header_3_font_size=&#8221;2vw&#8221; header_3_font_size_tablet=&#8221;2vw&#8221; header_3_font_size_phone=&#8221;6vw&#8221; header_3_font_size_last_edited=&#8221;on|phone&#8221; global_colors_info=&#8221;{}&#8221;]<\/p>\n<h2>Kapsulak<\/h2>\n<h3>kafe+soja<\/h3>\n<p>[\/et_pb_text][\/et_pb_column][et_pb_column type=&#8221;1_3&#8243; _builder_version=&#8221;4.16&#8243; _module_preset=&#8221;default&#8221; global_colors_info=&#8221;{}&#8221;][et_pb_image src=&#8221;https:\/\/www.iparlat.com\/wp-content\/uploads\/2022\/04\/capsulas-cafe-soja.png&#8221; alt=&#8221;C\u00e1psulas caf\u00e9 soja Iparlat&#8221; title_text=&#8221;capsulas-cafe-soja&#8221; admin_label=&#8221;bodeg\u00f3n&#8221; _builder_version=&#8221;4.18.0&#8243; _module_preset=&#8221;default&#8221; global_colors_info=&#8221;{}&#8221;][\/et_pb_image][\/et_pb_column][et_pb_column type=&#8221;1_3&#8243; admin_label=&#8221;fila caf\u00e9 c\u00e1psulas&#8221; _builder_version=&#8221;4.16&#8243; _module_preset=&#8221;default&#8221; global_colors_info=&#8221;{}&#8221;][et_pb_text admin_label=&#8221;descripci\u00f3n&#8221; _builder_version=&#8221;4.17.0&#8243; _module_preset=&#8221;default&#8221; text_text_color=&#8221;#FFFFFF&#8221; custom_margin=&#8221;||16px||false|false&#8221; custom_padding=&#8221;||||false|false&#8221; global_colors_info=&#8221;{}&#8221;]<\/p>\n<p>Kafearen zaporerik onena sojazko edariarekin. Gure kapsula tradizionalen alternatiba begetala. Soja ez transgenikoarekin egindakoa, elikagarria eta proteinetan aberatsa. Kafe kapsulak bateragarriak dira Dolce Gusto kafe-makinarekin*.<\/p>\n<p>[\/et_pb_text][et_pb_text admin_label=&#8221;descripci\u00f3n&#8221; _builder_version=&#8221;4.17.0&#8243; _module_preset=&#8221;default&#8221; text_text_color=&#8221;#FFFFFF&#8221; text_font_size=&#8221;10px&#8221; text_line_height=&#8221;1.4em&#8221; custom_margin=&#8221;0px||||false|false&#8221; custom_padding=&#8221;0px||||false|false&#8221; global_colors_info=&#8221;{}&#8221;]<\/p>\n<p>*Dolce Gusto Natur Allekin zerikusirik ez duen hirugarren enpresa baten marka erregistratu bat da.<\/p>\n<p>[\/et_pb_text][et_pb_button button_url=&#8221;@ET-DC@eyJkeW5hbWljIjp0cnVlLCJjb250ZW50IjoicG9zdF9saW5rX3VybF9nYW1hX2RlX3Byb2R1Y3RvIiwic2V0dGluZ3MiOnsicG9zdF9pZCI6IjIzMzQifX0=@&#8221; button_text=&#8221;Soja kafea&#8221; admin_label=&#8221;btn producto 1&#8243; _builder_version=&#8221;4.18.0&#8243; _dynamic_attributes=&#8221;button_url&#8221; _module_preset=&#8221;2064d416-87ae-4595-b7ca-753e74908584&#8243; button_text_color=&#8221;#FFFFFF&#8221; button_icon_color=&#8221;#C7B299&#8243; global_colors_info=&#8221;{}&#8221; button_text_color__hover=&#8221;#C7B299&#8243; button_bg_color__hover_enabled=&#8221;on|hover&#8221; button_icon_color__hover_enabled=&#8221;off|hover&#8221; custom_padding__hover_enabled=&#8221;on|desktop&#8221;][\/et_pb_button][\/et_pb_column][\/et_pb_row][\/et_pb_section][et_pb_section fb_built=&#8221;1&#8243; admin_label=&#8221;Secci\u00f3n c\u00e1psulas caf\u00e9 avena&#8221; _builder_version=&#8221;4.17.0&#8243; _module_preset=&#8221;default&#8221; background_color=&#8221;#FFFFFF&#8221; bottom_divider_color=&#8221;#6F99D8&#8243; bottom_divider_height=&#8221;35px&#8221; bottom_divider_repeat=&#8221;1x&#8221; da_disable_devices=&#8221;off|off|off&#8221; collapsed=&#8221;off&#8221; global_colors_info=&#8221;{}&#8221; da_is_popup=&#8221;off&#8221; da_exit_intent=&#8221;off&#8221; da_has_close=&#8221;on&#8221; da_alt_close=&#8221;off&#8221; da_dark_close=&#8221;off&#8221; da_not_modal=&#8221;on&#8221; da_is_singular=&#8221;off&#8221; da_with_loader=&#8221;off&#8221; da_has_shadow=&#8221;on&#8221;][et_pb_row column_structure=&#8221;1_3,1_3,1_3&#8243; use_custom_gutter=&#8221;on&#8221; _builder_version=&#8221;4.16&#8243; _module_preset=&#8221;default&#8221; global_colors_info=&#8221;{}&#8221;][et_pb_column type=&#8221;1_3&#8243; _builder_version=&#8221;4.16&#8243; _module_preset=&#8221;default&#8221; global_colors_info=&#8221;{}&#8221;][et_pb_text admin_label=&#8221;Nombre&#8221; _builder_version=&#8221;4.19.0&#8243; _module_preset=&#8221;3dd1b65a-5c97-4c22-828b-e1189f7c1dbb&#8221; header_3_font_size=&#8221;2vw&#8221; header_3_font_size_tablet=&#8221;2vw&#8221; header_3_font_size_phone=&#8221;6vw&#8221; header_3_font_size_last_edited=&#8221;on|phone&#8221; locked=&#8221;off&#8221; global_colors_info=&#8221;{}&#8221;]<\/p>\n<h2>Kapsulak<\/h2>\n<h3>kafe+oloa<\/h3>\n<p>[\/et_pb_text][\/et_pb_column][et_pb_column type=&#8221;1_3&#8243; _builder_version=&#8221;4.16&#8243; _module_preset=&#8221;default&#8221; global_colors_info=&#8221;{}&#8221;][et_pb_image src=&#8221;https:\/\/www.iparlat.com\/wp-content\/uploads\/2022\/04\/capsulas-cafe-avena.png&#8221; alt=&#8221;C\u00e1psulas caf\u00e9 avena Iparlat&#8221; title_text=&#8221;capsulas-cafe-avena&#8221; admin_label=&#8221;bodeg\u00f3n&#8221; _builder_version=&#8221;4.18.0&#8243; _module_preset=&#8221;default&#8221; global_colors_info=&#8221;{}&#8221;][\/et_pb_image][\/et_pb_column][et_pb_column type=&#8221;1_3&#8243; admin_label=&#8221;fila caf\u00e9 c\u00e1psulas&#8221; _builder_version=&#8221;4.16&#8243; _module_preset=&#8221;default&#8221; global_colors_info=&#8221;{}&#8221;][et_pb_text admin_label=&#8221;descripci\u00f3n&#8221; _builder_version=&#8221;4.17.0&#8243; _module_preset=&#8221;default&#8221; text_text_color=&#8221;#000000&#8243; custom_margin=&#8221;||16px||false|false&#8221; global_colors_info=&#8221;{}&#8221;]<\/p>\n<p>Kafearen zaporerik onena olozko edariarekin. Gure kapsula tradizionalen alternatiba begetala. Oloarekin egindakoa, zereal elikagarria eta orekatua. Kafe kapsulak bateragarriak dira Dolce Gusto kafe-makinarekin*.<\/p>\n<p>[\/et_pb_text][et_pb_text admin_label=&#8221;descripci\u00f3n&#8221; _builder_version=&#8221;4.17.0&#8243; _module_preset=&#8221;default&#8221; text_text_color=&#8221;#000000&#8243; text_font_size=&#8221;10px&#8221; text_line_height=&#8221;1.4em&#8221; custom_margin=&#8221;0px||||false|false&#8221; custom_padding=&#8221;0px||||false|false&#8221; locked=&#8221;off&#8221; global_colors_info=&#8221;{}&#8221;]<\/p>\n<p>*Dolce Gusto Natur Allekin zerikusirik ez duen hirugarren enpresa baten marka erregistratu bat da.<\/p>\n<p>[\/et_pb_text][et_pb_button button_url=&#8221;@ET-DC@eyJkeW5hbWljIjp0cnVlLCJjb250ZW50IjoicG9zdF9saW5rX3VybF9nYW1hX2RlX3Byb2R1Y3RvIiwic2V0dGluZ3MiOnsicG9zdF9pZCI6IjIzNjMifX0=@&#8221; button_text=&#8221;Olo kafea&#8221; admin_label=&#8221;btn producto 1&#8243; _builder_version=&#8221;4.18.0&#8243; _dynamic_attributes=&#8221;button_url&#8221; _module_preset=&#8221;2064d416-87ae-4595-b7ca-753e74908584&#8243; button_text_color=&#8221;#C7B299&#8243; global_colors_info=&#8221;{}&#8221; button_text_color__hover=&#8221;#FFFFFF&#8221; button_bg_color__hover=&#8221;#C7B299&#8243; button_bg_enable_color__hover=&#8221;on&#8221; button_icon_color__hover_enabled=&#8221;off|desktop&#8221;][\/et_pb_button][\/et_pb_column][\/et_pb_row][\/et_pb_section]<\/p>\n","protected":false},"excerpt":{"rendered":"<p>Deskubritu ezazu kafe kontsumitzailea erakartzeko era berri bat gure kapsula begetalen sorta handiarekin. Zaporea eta osasuna hazten lagunduko dizun proposamen berritzaile batean batuta.Kapsulak kafe+sojaKafearen zaporerik onena sojazko edariarekin. Gure kapsula tradizionalen alternatiba begetala. Soja ez transgenikoarekin egindakoa, elikagarria eta proteinetan aberatsa. Kafe kapsulak bateragarriak dira Dolce Gusto kafe-makinarekin*.*Dolce Gusto Natur Allekin zerikusirik ez duen hirugarren [&hellip;]<\/p>\n","protected":false},"author":1,"featured_media":0,"parent":5746,"menu_order":0,"comment_status":"closed","ping_status":"closed","template":"","meta":{"_acf_changed":false,"_et_pb_use_builder":"on","_et_pb_old_content":"","_et_gb_content_width":"","footnotes":""},"class_list":["post-5775","page","type-page","status-publish","hentry"],"acf":[],"_links":{"self":[{"href":"https:\/\/www.iparlat.com\/eu\/wp-json\/wp\/v2\/pages\/5775","targetHints":{"allow":["GET"]}}],"collection":[{"href":"https:\/\/www.iparlat.com\/eu\/wp-json\/wp\/v2\/pages"}],"about":[{"href":"https:\/\/www.iparlat.com\/eu\/wp-json\/wp\/v2\/types\/page"}],"author":[{"embeddable":true,"href":"https:\/\/www.iparlat.com\/eu\/wp-json\/wp\/v2\/users\/1"}],"replies":[{"embeddable":true,"href":"https:\/\/www.iparlat.com\/eu\/wp-json\/wp\/v2\/comments?post=5775"}],"version-history":[{"count":0,"href":"https:\/\/www.iparlat.com\/eu\/wp-json\/wp\/v2\/pages\/5775\/revisions"}],"up":[{"embeddable":true,"href":"https:\/\/www.iparlat.com\/eu\/wp-json\/wp\/v2\/pages\/5746"}],"wp:attachment":[{"href":"https:\/\/www.iparlat.com\/eu\/wp-json\/wp\/v2\/media?parent=5775"}],"curies":[{"name":"wp","href":"https:\/\/api.w.org\/{rel}","templated":true}]}}