{"id":4436,"date":"2022-10-26T10:38:30","date_gmt":"2022-10-26T10:38:30","guid":{"rendered":"https:\/\/www.iparlat.com\/lege-ohara\/"},"modified":"2024-05-06T07:40:44","modified_gmt":"2024-05-06T07:40:44","slug":"lege-ohara","status":"publish","type":"page","link":"https:\/\/www.iparlat.com\/eu\/lege-ohara\/","title":{"rendered":"Lege Oharra"},"content":{"rendered":"\n<p><p>De conformidad con lo dispuesto en el art\u00edculo 10 de la Ley 34\/2002, de 11 de julio, de servicios de la sociedad de la informaci\u00f3n y de comercio electr\u00f3nico, se informa al usuario de que el titular del presente sitio web es IPARLAT, S.A. con domicilio en Pol\u00edgono Industrial Erratzu, parcelas E-F, 20130 Urnieta (Gipuzkoa), con NIF n\u00ba A\/31\/003031, inscrita en el Registro Mercantil de Gipuzkoa, tomo 1663, al folio 113, del Tomo 1773, Hoja SS-16310 y con la direcci\u00f3n de email de contacto\u00a0<a href=\"mailto:administracionipar@iparlat.com\">administracionipar@iparlat.com<\/a>.<\/p><\/p>\n\n<div style=\"height:200px\" aria-hidden=\"true\" class=\"wp-block-spacer\"><\/div>\n","protected":false},"excerpt":{"rendered":"<p>De conformidad con lo dispuesto en el art\u00edculo 10 de la Ley 34\/2002, de 11 de julio, de servicios de la sociedad de la informaci\u00f3n y de comercio electr\u00f3nico, se informa al usuario de que el titular del presente sitio web es IPARLAT, S.A. con domicilio en Pol\u00edgono Industrial Erratzu, parcelas E-F, 20130 Urnieta (Gipuzkoa), [&hellip;]<\/p>\n","protected":false},"author":1,"featured_media":0,"parent":0,"menu_order":0,"comment_status":"closed","ping_status":"closed","template":"","meta":{"_acf_changed":false,"_et_pb_use_builder":"off","_et_pb_old_content":"","_et_gb_content_width":"","footnotes":""},"class_list":["post-4436","page","type-page","status-publish","hentry"],"acf":[],"_links":{"self":[{"href":"https:\/\/www.iparlat.com\/eu\/wp-json\/wp\/v2\/pages\/4436","targetHints":{"allow":["GET"]}}],"collection":[{"href":"https:\/\/www.iparlat.com\/eu\/wp-json\/wp\/v2\/pages"}],"about":[{"href":"https:\/\/www.iparlat.com\/eu\/wp-json\/wp\/v2\/types\/page"}],"author":[{"embeddable":true,"href":"https:\/\/www.iparlat.com\/eu\/wp-json\/wp\/v2\/users\/1"}],"replies":[{"embeddable":true,"href":"https:\/\/www.iparlat.com\/eu\/wp-json\/wp\/v2\/comments?post=4436"}],"version-history":[{"count":2,"href":"https:\/\/www.iparlat.com\/eu\/wp-json\/wp\/v2\/pages\/4436\/revisions"}],"predecessor-version":[{"id":8040,"href":"https:\/\/www.iparlat.com\/eu\/wp-json\/wp\/v2\/pages\/4436\/revisions\/8040"}],"wp:attachment":[{"href":"https:\/\/www.iparlat.com\/eu\/wp-json\/wp\/v2\/media?parent=4436"}],"curies":[{"name":"wp","href":"https:\/\/api.w.org\/{rel}","templated":true}]}}